{"id":75,"date":"2015-10-21T16:01:26","date_gmt":"2015-10-21T14:01:26","guid":{"rendered":"https:\/\/www.heurigenkassen.at\/cms\/?page_id=75"},"modified":"2015-10-21T16:01:26","modified_gmt":"2015-10-21T14:01:26","slug":"was-ihnen-unser-kassensystem-bietet","status":"publish","type":"page","link":"https:\/\/www.heurigenkassen.at\/cms\/was-ihnen-unser-kassensystem-bietet\/","title":{"rendered":"Was Ihnen unser Kassensystem bietet"},"content":{"rendered":"<p><strong>Keine teure Wartung! Wir schulen Sie pers\u00f6nlich ein und zeigen Ihnen, wie Sie \u00c4nderungen einfach und unabh\u00e4ngig selbst vornehmen k\u00f6nnen. <\/strong><\/p>\n<p><strong>Regul\u00e4re Wartungsgeb\u00fchren entfallen bei Heurigenkassen.at und ersparen Ihnen viel Geld!<\/strong><\/p>\n<p><strong>Produktblatt\u00a0 &#8212;-&gt;&gt;&gt;&gt;<\/strong><\/p>\n<p>Heurigenkassen.at steht f\u00fcr Top-Qualit\u00e4t und besten Service. Wir bieten Ihnen nicht nur die neuesten Computer und Bon-Drucker, sondern schneidern f\u00fcr Ihren Betrieb auch eine individuelle L\u00f6sung, falls Sie \u00c4nderungen zu unserem Standardpaket brauchen.<\/p>\n<p>Dabei garantieren wir Ihnen ein funktionierendes System mit einer pers\u00f6nlichen, zweist\u00fcndigen Einschulung und zeigen Ihnen, wie Sie \u00c4nderungen im System selbst vornehmen k\u00f6nnen, um f\u00fcr die verschiedenen Anforderungen im Betriebsalltag flexibel und unabh\u00e4ngig zu sein. Sollte Hilfe notwendig werden oder die Zeit bei der Einschulung nicht ausreichen, wird Ihnen ein Zeitaufwand verrechnet. So behalten Sie die Kosten immer im Blick. Denn Transparenz gegen\u00fcber unseren Kunden ist uns sehr wichtig.<\/p>\n<p>&nbsp;<\/p>\n","protected":false},"excerpt":{"rendered":"<p>Keine teure Wartung! Wir schulen Sie pers\u00f6nlich ein und zeigen Ihnen, wie Sie \u00c4nderungen einfach und unabh\u00e4ngig selbst vornehmen k\u00f6nnen. Regul\u00e4re Wartungsgeb\u00fchren entfallen bei Heurigenkassen.at und ersparen Ihnen viel Geld! Produktblatt\u00a0 &#8212;-&gt;&gt;&gt;&gt; Heurigenkassen.at steht f\u00fcr Top-Qualit\u00e4t und besten Service. Wir bieten Ihnen nicht nur die neuesten Computer und Bon-Drucker, sondern schneidern f\u00fcr Ihren Betrieb auch [&hellip;]<\/p>\n","protected":false},"author":1,"featured_media":0,"parent":0,"menu_order":0,"comment_status":"closed","ping_status":"closed","template":"","meta":{"footnotes":""},"class_list":["post-75","page","type-page","status-publish","hentry"],"_links":{"self":[{"href":"https:\/\/www.heurigenkassen.at\/cms\/wp-json\/wp\/v2\/pages\/75","targetHints":{"allow":["GET"]}}],"collection":[{"href":"https:\/\/www.heurigenkassen.at\/cms\/wp-json\/wp\/v2\/pages"}],"about":[{"href":"https:\/\/www.heurigenkassen.at\/cms\/wp-json\/wp\/v2\/types\/page"}],"author":[{"embeddable":true,"href":"https:\/\/www.heurigenkassen.at\/cms\/wp-json\/wp\/v2\/users\/1"}],"replies":[{"embeddable":true,"href":"https:\/\/www.heurigenkassen.at\/cms\/wp-json\/wp\/v2\/comments?post=75"}],"version-history":[{"count":0,"href":"https:\/\/www.heurigenkassen.at\/cms\/wp-json\/wp\/v2\/pages\/75\/revisions"}],"wp:attachment":[{"href":"https:\/\/www.heurigenkassen.at\/cms\/wp-json\/wp\/v2\/media?parent=75"}],"curies":[{"name":"wp","href":"https:\/\/api.w.org\/{rel}","templated":true}]}}