{"id":73,"date":"2015-10-21T15:58:39","date_gmt":"2015-10-21T13:58:39","guid":{"rendered":"https:\/\/www.heurigenkassen.at\/cms\/?page_id=73"},"modified":"2015-10-21T15:59:21","modified_gmt":"2015-10-21T13:59:21","slug":"warum-sie-unser-kassensystem-brauchen","status":"publish","type":"page","link":"https:\/\/www.heurigenkassen.at\/cms\/warum-sie-unser-kassensystem-brauchen\/","title":{"rendered":"Warum Sie unser Kassensystem brauchen"},"content":{"rendered":"<p><strong>Machen Sie die Registrierkassen-Pflicht zu Ihrem Vorteil: Optimieren Sie betriebliche Arbeitsabl\u00e4ufe und erledigen Sie die Umsatzsteuervoranmeldung auf Knopfdruck. <\/strong><\/p>\n<p><strong>Sie sind ein erfolgreiches Unternehmen, das aus der Registrierkasse umsatzf\u00f6rdernde Vorteile ziehen will? Dann sind Sie bei Heurigenkassen.at richtig! <\/strong><\/p>\n<p>&nbsp;<\/p>\n<p>Heurigenkassen.at bietet Ihnen ein System, das Bonierung und Buchhaltung zum Kinderspiel werden l\u00e4sst. Die durchdachten Abrechnungs- und Kontrollsysteme sowie die komplette Kassenl\u00f6sung sind f\u00fcr jedermann verst\u00e4ndlich, erfassen alle Ein- und Ausg\u00e4nge f\u00fcr Ihre Buchhaltung und zeigen Ihnen s\u00e4mtliche Ums\u00e4tze auf Knopfdruck sofort an. So ersparen Sie sich stundenlange Abrechnungen f\u00fcr das Finanzamt und erledigen die Umsatzsteuervoranmeldung in wenigen Minuten. Auch der gesamte Weinverbrauch kann f\u00fcr die \u00dcbernahme sofort im Kellerbuch abgespeichert werden. Sie sparen wertvollen Arbeitszeit!<\/p>\n<p>Durch die Synchronisierung der Ger\u00e4te beschleunigen sich gleichzeitig s\u00e4mtliche Arbeitsprozesse im laufenden Betrieb: W\u00e4hrend der Kellner aufnimmt, f\u00fcllt das Schankpersonal bereits die Gl\u00e4ser und die K\u00fcche richtet die Speisen an. Sie werden staunen, wie viel Zeit Sie f\u00fcr Ihre G\u00e4ste haben.<\/p>\n<p>&nbsp;<\/p>\n<p>Und wenn Sie schon l\u00e4ngst Ihren alten Heim-PC ersetzen wollten, dann ist das ebenso m\u00f6glich: Wir bieten Ihnen ein Ger\u00e4t mit dem Sie nicht nur Bonieren k\u00f6nnen. Surfen Sie online, schreiben Sie Emails und arbeiten sie damit!<\/p>\n<p>&nbsp;<\/p>\n<p><strong>\u00dcberraschen Sie Ihre Stammkunden!<\/strong><\/p>\n<p>Der Stammgast will immer dasselbe Zimmer oder denselben Tisch? Der Stammkunde will wissen, welche Weine er im Vorjahr gekauft hat? Heurigenkassen.at speichert all diese Daten und wirft sie mit einem Klick aus. So bieten Sie Ihrem Kunden den besten Service. Und wenn Sie Ihn \u00fcber neue Produkte und Termine informieren wollen, k\u00f6nnen Sie mit unserem System binnen weniger Augenblicke eine Aussendung verfassen!<\/p>\n<p>&nbsp;<\/p>\n<p>&nbsp;<\/p>\n","protected":false},"excerpt":{"rendered":"<p>Machen Sie die Registrierkassen-Pflicht zu Ihrem Vorteil: Optimieren Sie betriebliche Arbeitsabl\u00e4ufe und erledigen Sie die Umsatzsteuervoranmeldung auf Knopfdruck. Sie sind ein erfolgreiches Unternehmen, das aus der Registrierkasse umsatzf\u00f6rdernde Vorteile ziehen will? Dann sind Sie bei Heurigenkassen.at richtig! &nbsp; Heurigenkassen.at bietet Ihnen ein System, das Bonierung und Buchhaltung zum Kinderspiel werden l\u00e4sst. Die durchdachten Abrechnungs- und [&hellip;]<\/p>\n","protected":false},"author":1,"featured_media":0,"parent":0,"menu_order":0,"comment_status":"closed","ping_status":"closed","template":"","meta":{"footnotes":""},"class_list":["post-73","page","type-page","status-publish","hentry"],"_links":{"self":[{"href":"https:\/\/www.heurigenkassen.at\/cms\/wp-json\/wp\/v2\/pages\/73","targetHints":{"allow":["GET"]}}],"collection":[{"href":"https:\/\/www.heurigenkassen.at\/cms\/wp-json\/wp\/v2\/pages"}],"about":[{"href":"https:\/\/www.heurigenkassen.at\/cms\/wp-json\/wp\/v2\/types\/page"}],"author":[{"embeddable":true,"href":"https:\/\/www.heurigenkassen.at\/cms\/wp-json\/wp\/v2\/users\/1"}],"replies":[{"embeddable":true,"href":"https:\/\/www.heurigenkassen.at\/cms\/wp-json\/wp\/v2\/comments?post=73"}],"version-history":[{"count":0,"href":"https:\/\/www.heurigenkassen.at\/cms\/wp-json\/wp\/v2\/pages\/73\/revisions"}],"wp:attachment":[{"href":"https:\/\/www.heurigenkassen.at\/cms\/wp-json\/wp\/v2\/media?parent=73"}],"curies":[{"name":"wp","href":"https:\/\/api.w.org\/{rel}","templated":true}]}}