{"id":60,"date":"2015-10-21T15:47:37","date_gmt":"2015-10-21T13:47:37","guid":{"rendered":"https:\/\/www.heurigenkassen.at\/cms\/?page_id=60"},"modified":"2016-01-18T12:43:35","modified_gmt":"2016-01-18T11:43:35","slug":"impressum","status":"publish","type":"page","link":"https:\/\/www.heurigenkassen.at\/cms\/impressum\/","title":{"rendered":"IMPRESSUM"},"content":{"rendered":"<p><b><i>F\u00fcr den Inhalt verantwortlich: <\/i><\/b><br \/>\nJCT Handels GmbH<br \/>\n<b><i><\/i><\/b><\/p>\n<p><b><i>Copyright\/ Haftungsausschluss:<\/i><\/b><br \/>\nBild- und Datenmaterial unterliegen dem Copyright des Betreibers und d\u00fcrfen ohne ausdr\u00fcckliche Zustimmung des Betreibers nicht verwendet werden.<br \/>\nDer Autor dieser Webseiten ist bestrebt, die hier angebotenen Informationen nach bestem Wissen und Gewissen vollst\u00e4ndig und richtig darzustellen und aktuell zu halten. Dennoch kann er keinerlei Haftung f\u00fcr Sch\u00e4den \u00fcbernehmen, die sich aus der Nutzung der angebotenen Informationen ergeben k\u00f6nnen \u2013 auch wenn diese auf die Nutzung von allenfalls unvollst\u00e4ndigen bzw. fehlerhaften Informationen zur\u00fcckzuf\u00fchren sind.<br \/>\nVerweise auf fremde Webseiten liegen au\u00dferhalb des Verantwortungsbereiches des Autors. Eine Haftung f\u00fcr die Inhalte von verlinkten Seiten ist ausgeschlossen, zumal der Autor keinen Einfluss auf Inhalte wie Gestaltung von gelinkten Seiten hat. F\u00fcr Inhalte von Seiten, auf welche von Seiten dieser Homepage verwiesen wird, haftet somit allein der Anbieter dieser fremden Webseiten \u2013 niemals jedoch derjenige, der durch einen Link auf fremde Publikationen und Inhalte verweist. Sollten gelinkte Seiten (insbesondere durch Ver\u00e4nderung der Inhalte nach dem Setzen des Links) illegale, fehlerhafte, unvollst\u00e4ndige, beleidigende oder sittenwidrige Informationen beinhalten und wird der Autor dieser Seite auf derartige Inhalte von gelinkten Seiten aufmerksam (gemacht), so wird er einen Link auf derartige Seiten unverz\u00fcglich unterbinden.<br \/>\n<b><\/b><\/p>\n<p><b>Informationen gem\u00e4\u00df ECG:<\/b><\/p>\n<p>JCT Handels GmbH<\/p>\n<p>3601 D\u00fcrnstein 39<\/p>\n<p>UID ATU 66166025<\/p>\n<p>info@heurigenkassen.at<\/p>\n<p>&nbsp;<\/p>\n<p>Bei Fragen senden Sie uns eine EMail an:<\/p>\n<p>info@heurigenkassen.at<\/p>\n<p>&nbsp;<\/p>\n","protected":false},"excerpt":{"rendered":"<p>F\u00fcr den Inhalt verantwortlich: JCT Handels GmbH Copyright\/ Haftungsausschluss: Bild- und Datenmaterial unterliegen dem Copyright des Betreibers und d\u00fcrfen ohne ausdr\u00fcckliche Zustimmung des Betreibers nicht verwendet werden. Der Autor dieser Webseiten ist bestrebt, die hier angebotenen Informationen nach bestem Wissen und Gewissen vollst\u00e4ndig und richtig darzustellen und aktuell zu halten. Dennoch kann er keinerlei Haftung [&hellip;]<\/p>\n","protected":false},"author":1,"featured_media":0,"parent":0,"menu_order":0,"comment_status":"closed","ping_status":"closed","template":"","meta":{"footnotes":""},"class_list":["post-60","page","type-page","status-publish","hentry"],"_links":{"self":[{"href":"https:\/\/www.heurigenkassen.at\/cms\/wp-json\/wp\/v2\/pages\/60","targetHints":{"allow":["GET"]}}],"collection":[{"href":"https:\/\/www.heurigenkassen.at\/cms\/wp-json\/wp\/v2\/pages"}],"about":[{"href":"https:\/\/www.heurigenkassen.at\/cms\/wp-json\/wp\/v2\/types\/page"}],"author":[{"embeddable":true,"href":"https:\/\/www.heurigenkassen.at\/cms\/wp-json\/wp\/v2\/users\/1"}],"replies":[{"embeddable":true,"href":"https:\/\/www.heurigenkassen.at\/cms\/wp-json\/wp\/v2\/comments?post=60"}],"version-history":[{"count":0,"href":"https:\/\/www.heurigenkassen.at\/cms\/wp-json\/wp\/v2\/pages\/60\/revisions"}],"wp:attachment":[{"href":"https:\/\/www.heurigenkassen.at\/cms\/wp-json\/wp\/v2\/media?parent=60"}],"curies":[{"name":"wp","href":"https:\/\/api.w.org\/{rel}","templated":true}]}}