{"id":56,"date":"2026-01-12T09:47:12","date_gmt":"2026-01-12T08:47:12","guid":{"rendered":"https:\/\/www.heurigenkassen.at\/cms\/?page_id=56"},"modified":"2026-03-03T19:19:18","modified_gmt":"2026-03-03T18:19:18","slug":"preise","status":"publish","type":"page","link":"https:\/\/www.heurigenkassen.at\/cms\/preise\/","title":{"rendered":"PREISE 2026"},"content":{"rendered":"<p>Ma\u00dfgeschneidert f\u00fcr Sie: Wir sind der beste Anbieter in ihrer Region &#8211; sowohl f\u00fcr die Computersysteme, als auch f\u00fcr das Programm, die unterschiedlichen Drucker und alle dazugeh\u00f6rigen Zusatz-Produkte. Wir liefern die brauchbarste und g\u00fcnstigste L\u00f6sung f\u00fcr Sie und Ihr Unternehmen!<\/p>\n<p>Einmalige Anschaffung \u2013 einmalige Kosten \u2013 einmalige Einstellung: Keine monatliche Betreuungspauschale &#8211; und das in Ihrer N\u00e4he.<\/p>\n<p>Hier finden Sie eine Kosten-\u00dcbersicht<\/p>\n<p>&nbsp;<\/p>\n<p><strong><u>Paket AB:<\/u><\/strong><strong>\u00a0\u00a0\u00a0\u00a0\u00a0\u00a0\u00a0\u00a0\u00a0\u00a0\u00a0\u00a0\u00a0\u00a0\u00a0\u00a0\u00a0\u00a0\u00a0\u00a0\u00a0\u00a0\u00a0\u00a0\u00a0\u00a0\u00a0\u00a0\u00a0\u00a0\u00a0\u00a0 \u00a0\u00a0\u00a0\u00a0\u00a0\u00a0\u00a0\u00a0\u00a0\u00a0\u00a0\u00a0\u00a0\u00a0\u00a0\u00a0\u00a0\u00a0\u00a0\u00a0\u00a0\u00a0\u00a0 <\/strong><\/p>\n<p>All-in-One 23,6 Zoll Touchscreen<\/p>\n<p>Inkl. Heurigenkassen.at-Software<\/p>\n<p>+ Tastatur +Maus<\/p>\n<p>+ Bondrucker<\/p>\n<p>+ Finanzamt Chipkarte ( Chipkarte und Kartenleseger\u00e4te )<\/p>\n<p><strong>\u20ac 3.490,-\u00a0\u00a0<\/strong><\/p>\n<p>&nbsp;<\/p>\n<p><strong><u>Paket DD:<\/u><\/strong><strong>\u00a0\u00a0\u00a0\u00a0\u00a0\u00a0\u00a0\u00a0\u00a0\u00a0\u00a0\u00a0\u00a0\u00a0\u00a0\u00a0\u00a0\u00a0\u00a0\u00a0\u00a0\u00a0\u00a0\u00a0\u00a0\u00a0\u00a0\u00a0\u00a0\u00a0\u00a0\u00a0 <\/strong><\/p>\n<p>Notebook 15,6 Zoll<\/p>\n<p>Inkl. Heurigenkassen.at-Software<\/p>\n<p>+ Bondrucker<\/p>\n<p>+ Finanzamt Chipkarte ( Chipkarte und Kartenleseger\u00e4te )<\/p>\n<p><strong>\u20ac 3.250,-<\/strong><\/p>\n<p>&nbsp;<\/p>\n<p>&nbsp;<\/p>\n<p><strong><u>L\u00d6SUNG OHNE DRUCKER<\/u><\/strong><\/p>\n<p>&nbsp;<\/p>\n<p><strong><u>Paket FF:<\/u><\/strong><\/p>\n<p>All-in-One 23,6 Zoll Touchscreen<\/p>\n<p>Inkl. Heurigenkassen.at-Software<\/p>\n<p>+ Tastatur +Maus<\/p>\n<p>+ Finanzamt Chipkarte ( Chipkarte und Kartenleseger\u00e4te )<\/p>\n<p><strong>\u20ac 3.150,-\u00a0\u00a0 <\/strong><\/p>\n<p>&nbsp;<\/p>\n<p><strong><u>Paket GG:<\/u><\/strong><\/p>\n<p>Notebook 15,6 Zoll<\/p>\n<p>Inkl. Heurigenkassen.at-Software<\/p>\n<p>+ Finanzamt Chipkarte ( Chipkarte und Kartenleseger\u00e4te )<\/p>\n<p><strong>\u20ac 2.990,-<\/strong><\/p>\n<p>&nbsp;<\/p>\n<p><strong><u>Zusatzprodukte:<\/u><\/strong><\/p>\n<p>&nbsp;<\/p>\n<table>\n<tbody>\n<tr>\n<td style=\"text-align: left;\" width=\"350\">\n<h4>Bondrucker<\/h4>\n<\/td>\n<td style=\"text-align: left;\" width=\"100\">\n<h4><strong>\u20ac \u00a0300,-\u00a0<\/strong><\/h4>\n<\/td>\n<\/tr>\n<tr>\n<td style=\"text-align: left;\">\n<h4>Bondrucker LAN<\/h4>\n<\/td>\n<td>\n<h4><strong>\u20ac\u00a0 330,-<\/strong><\/h4>\n<\/td>\n<\/tr>\n<tr>\n<td style=\"text-align: left;\">\n<h4>Fingerprint<\/h4>\n<\/td>\n<td>\n<h4><strong>\u20ac\u00a0 230,-<\/strong><\/h4>\n<\/td>\n<\/tr>\n<tr>\n<td style=\"text-align: left;\">\n<h4>Sicherungsmodulupgrade (inkl. Software, Datentr\u00e4ger\u00a0u. Einrichtung)<\/h4>\n<\/td>\n<td>\n<h4><strong>\u20ac\u00a0 210,-<\/strong><\/h4>\n<\/td>\n<\/tr>\n<tr>\n<td style=\"text-align: left;\">\n<h4>SSD\u00a0Festplatten Upgrade<\/h4>\n<\/td>\n<td>\n<h4><strong>\u20ac\u00a0 180.-<\/strong><\/h4>\n<\/td>\n<\/tr>\n<tr>\n<td style=\"text-align: left;\">\n<h4>Din-A4 Drucker<\/h4>\n<\/td>\n<td>\n<h4><strong>\u20ac\u00a0 175,-<\/strong><\/h4>\n<\/td>\n<\/tr>\n<tr>\n<td style=\"text-align: left;\">\n<h4>Handeingabeger\u00e4t 10 Zoll<\/h4>\n<\/td>\n<td>\n<h4>\u20ac 9<strong>90.-<\/strong><\/h4>\n<\/td>\n<\/tr>\n<tr>\n<td style=\"text-align: left;\">\n<h4>Kassenschublade mit 5 Scheinf\u00e4cher 8 M\u00fcnzf\u00e4cher Front\u00f6ffnung Geldlade DE<\/h4>\n<\/td>\n<td>\n<h4><strong>\u20ac\u00a0 230.-<\/strong><\/h4>\n<\/td>\n<\/tr>\n<tr>\n<td style=\"text-align: left;\">\n<h4>Zus\u00e4tzliche Einschulungen jede \u00a0weitere Stunde<\/h4>\n<\/td>\n<td>\n<h4>\u20ac\u00a0 15<strong>5.-<\/strong><\/h4>\n<\/td>\n<\/tr>\n<tr>\n<td style=\"text-align: left;\">\n<h4>APC Back-UPS BX &#8211; Unterbrechungsfreie Stromversorgung<\/h4>\n<\/td>\n<td>\n<h4>\u20ac\u00a0 215.-<\/h4>\n<\/td>\n<\/tr>\n<tr>\n<td style=\"text-align: left;\">\n<h4>Signatureinrichtung Kassen 2026\/2027<\/h4>\n<\/td>\n<td>\n<h4>\u20ac\u00a0 690.-<\/h4>\n<\/td>\n<\/tr>\n<\/tbody>\n<\/table>\n<p>&nbsp;<\/p>\n<p>Sofern nicht anders vereinbart werden Leistungen\u00a0 mit folgenden Stundens\u00e4tzen abgerechnet:<\/p>\n<p><strong>Preistarif w\u00e4hrend der Servicezeiten: 8.00 bis 16.59<\/strong><\/p>\n<p>145EUR\/Stunde<\/p>\n<p>165EUR\/Stunde f\u00fcr Notf\u00e4lle*<\/p>\n<p>&nbsp;<\/p>\n<p><strong>Preistarif au\u00dferhalb der Serviceszeiten: 17.00 &#8211; 7.59<\/strong><\/p>\n<p>185 EUR\/Stunde<\/p>\n<p>220 EUR\/Stunde f\u00fcr Notf\u00e4lle*<\/p>\n<p>&nbsp;<\/p>\n<p><strong>Gesch\u00e4ftszeiten: Terminvergabe per EMail oder telefonische Vereinbarung<\/strong><\/p>\n<p>Leistungen, die Gesch\u00e4ftszeitgrenzen \u00fcberschreiten, werden nach nach jeweiligen Aufwand in beiden Servicezeiten abgerechnet.<\/p>\n<p>(zb. Leistung wird von 16:00-18:00 Uhr erbracht. Gesamtkosten: 330 EUR)<\/p>\n<p>Abrechnung pro begonnener halben Stunde. Preisangaben sind Netto.<\/p>\n<p>Anfahrt wird gesondert berechnet<\/p>\n<p>Preise g\u00fcltig ab J\u00e4nner 2026.<\/p>\n<p><strong><span style=\"color: #ff0000;\">Preise verstehen sich exkl. 20% Umsatzsteuer, Lieferung und Einrichtung<\/span><\/strong><\/p>\n<p>&nbsp;<\/p>\n","protected":false},"excerpt":{"rendered":"<p>Ma\u00dfgeschneidert f\u00fcr Sie: Wir sind der beste Anbieter in ihrer Region &#8211; sowohl f\u00fcr die Computersysteme, als auch f\u00fcr das Programm, die unterschiedlichen Drucker und alle dazugeh\u00f6rigen Zusatz-Produkte. Wir liefern die brauchbarste und g\u00fcnstigste L\u00f6sung f\u00fcr Sie und Ihr Unternehmen! Einmalige Anschaffung \u2013 einmalige Kosten \u2013 einmalige Einstellung: Keine monatliche Betreuungspauschale &#8211; und das in [&hellip;]<\/p>\n","protected":false},"author":1,"featured_media":0,"parent":0,"menu_order":0,"comment_status":"closed","ping_status":"closed","template":"","meta":{"footnotes":""},"class_list":["post-56","page","type-page","status-publish","hentry"],"_links":{"self":[{"href":"https:\/\/www.heurigenkassen.at\/cms\/wp-json\/wp\/v2\/pages\/56","targetHints":{"allow":["GET"]}}],"collection":[{"href":"https:\/\/www.heurigenkassen.at\/cms\/wp-json\/wp\/v2\/pages"}],"about":[{"href":"https:\/\/www.heurigenkassen.at\/cms\/wp-json\/wp\/v2\/types\/page"}],"author":[{"embeddable":true,"href":"https:\/\/www.heurigenkassen.at\/cms\/wp-json\/wp\/v2\/users\/1"}],"replies":[{"embeddable":true,"href":"https:\/\/www.heurigenkassen.at\/cms\/wp-json\/wp\/v2\/comments?post=56"}],"version-history":[{"count":40,"href":"https:\/\/www.heurigenkassen.at\/cms\/wp-json\/wp\/v2\/pages\/56\/revisions"}],"predecessor-version":[{"id":559,"href":"https:\/\/www.heurigenkassen.at\/cms\/wp-json\/wp\/v2\/pages\/56\/revisions\/559"}],"wp:attachment":[{"href":"https:\/\/www.heurigenkassen.at\/cms\/wp-json\/wp\/v2\/media?parent=56"}],"curies":[{"name":"wp","href":"https:\/\/api.w.org\/{rel}","templated":true}]}}