{"id":51,"date":"2017-02-08T09:30:40","date_gmt":"2017-02-08T08:30:40","guid":{"rendered":"https:\/\/www.heurigenkassen.at\/cms\/?page_id=51"},"modified":"2019-04-07T18:51:28","modified_gmt":"2019-04-07T16:51:28","slug":"produkte-services","status":"publish","type":"page","link":"https:\/\/www.heurigenkassen.at\/cms\/produkte-services\/","title":{"rendered":"PRODUKTE"},"content":{"rendered":"<p><strong><u>All-in-One PC<\/u><\/strong><\/p>\n<ul>\n<li>Processor: Intel Pentium J5005<\/li>\n<li>OS: Windows 10<\/li>\n<li>Display: 23.8\u2033 Full HD, Multi-Touch (1920 x 1080)<\/li>\n<li>Storage: SSD 250 GB<\/li>\n<li>Memory: 8GB<\/li>\n<li>Graphics: Intel UHD Graphics 600<\/li>\n<li>Audio: Stereo speakers with Dolby Advanced Audio certification<\/li>\n<li>Size: 541 mm x 20 mm x 420 mm<\/li>\n<\/ul>\n<p><a href=\"https:\/\/www.heurigenkassen.at\/cms\/wp-content\/uploads\/2015\/10\/6.jpg\"><img loading=\"lazy\" decoding=\"async\" class=\"alignnone wp-image-98\" src=\"https:\/\/www.heurigenkassen.at\/cms\/wp-content\/uploads\/2015\/10\/6-250x300.jpg\" alt=\"6\" width=\"293\" height=\"352\" srcset=\"https:\/\/www.heurigenkassen.at\/cms\/wp-content\/uploads\/2015\/10\/6-250x300.jpg 250w, https:\/\/www.heurigenkassen.at\/cms\/wp-content\/uploads\/2015\/10\/6.jpg 516w\" sizes=\"auto, (max-width: 293px) 100vw, 293px\" \/><\/a><a href=\"https:\/\/www.heurigenkassen.at\/cms\/wp-content\/uploads\/2015\/10\/Product-Photography-Lenovo-C470-Desktop-White_Non-touch_3-275x620.jpg\"><img loading=\"lazy\" decoding=\"async\" class=\"alignnone wp-image-100\" src=\"https:\/\/www.heurigenkassen.at\/cms\/wp-content\/uploads\/2015\/10\/Product-Photography-Lenovo-C470-Desktop-White_Non-touch_3-275x620-133x300.jpg\" alt=\"Product-Photography-Lenovo-C470-Desktop-White_Non-touch_3-275x620\" width=\"154\" height=\"347\" srcset=\"https:\/\/www.heurigenkassen.at\/cms\/wp-content\/uploads\/2015\/10\/Product-Photography-Lenovo-C470-Desktop-White_Non-touch_3-275x620-133x300.jpg 133w, https:\/\/www.heurigenkassen.at\/cms\/wp-content\/uploads\/2015\/10\/Product-Photography-Lenovo-C470-Desktop-White_Non-touch_3-275x620.jpg 275w\" sizes=\"auto, (max-width: 154px) 100vw, 154px\" \/><\/a><\/p>\n<p>&nbsp;<\/p>\n<p>&nbsp;<\/p>\n<p>&nbsp;<\/p>\n<p><strong><u>Notebook <\/u><\/strong><\/p>\n<p>Notebook\u00a039,6 cm (15,6 Zoll FHD IPS AG)<\/p>\n<ul>\n<li>Processor: Intel Pentium 3805U (bis zu 1,9 GHz, 2MB Cache, zwei kerne)<\/li>\n<li>OS: Windows 10<\/li>\n<li>Memory: 4GB<\/li>\n<li>Display: 15.6\u2033 IPS Anti\u2013Glare Touch TFT Display<\/li>\n<li>Graphics: integrierte Grafik,<\/li>\n<li>HD Webcam,<\/li>\n<li>Akku: bis zu 3,5 Stunden Akkulaufzeit, 2 Zellen Li-Ion Polymer Akku \/ 30 Wh<\/li>\n<\/ul>\n<p>&nbsp;<\/p>\n<p><a href=\"https:\/\/www.heurigenkassen.at\/cms\/wp-content\/uploads\/2015\/10\/3.jpg\"><img loading=\"lazy\" decoding=\"async\" class=\"alignnone size-medium wp-image-95\" src=\"https:\/\/www.heurigenkassen.at\/cms\/wp-content\/uploads\/2015\/10\/3-300x254.jpg\" alt=\"3\" width=\"300\" height=\"254\" srcset=\"https:\/\/www.heurigenkassen.at\/cms\/wp-content\/uploads\/2015\/10\/3-300x254.jpg 300w, https:\/\/www.heurigenkassen.at\/cms\/wp-content\/uploads\/2015\/10\/3-1024x866.jpg 1024w, https:\/\/www.heurigenkassen.at\/cms\/wp-content\/uploads\/2015\/10\/3.jpg 1500w\" sizes=\"auto, (max-width: 300px) 100vw, 300px\" \/><\/a><a href=\"https:\/\/www.heurigenkassen.at\/cms\/wp-content\/uploads\/2015\/10\/2.jpg\"><img loading=\"lazy\" decoding=\"async\" class=\"alignnone size-medium wp-image-94\" src=\"https:\/\/www.heurigenkassen.at\/cms\/wp-content\/uploads\/2015\/10\/2-300x300.jpg\" alt=\"2\" width=\"300\" height=\"300\" srcset=\"https:\/\/www.heurigenkassen.at\/cms\/wp-content\/uploads\/2015\/10\/2-300x300.jpg 300w, https:\/\/www.heurigenkassen.at\/cms\/wp-content\/uploads\/2015\/10\/2-150x150.jpg 150w, https:\/\/www.heurigenkassen.at\/cms\/wp-content\/uploads\/2015\/10\/2.jpg 500w\" sizes=\"auto, (max-width: 300px) 100vw, 300px\" \/><\/a><\/p>\n<p>&nbsp;<\/p>\n<p><strong><u>Handeingabeger\u00e4te\u00a0 8 Zoll<\/u><\/strong><\/p>\n<ul>\n<li><strong>8-inch Display (1280&#215;800)<\/strong><\/li>\n<li><span class=\"a-list-item\">Quad Core 1.33GHz<\/span><\/li>\n<li><span class=\"a-list-item\"> 32GB HDD, 1 GB RAM Memory<\/span><\/li>\n<li>WLAN, Bluetooth, Dual-Kamera<\/li>\n<\/ul>\n<p><a href=\"https:\/\/www.heurigenkassen.at\/cms\/wp-content\/uploads\/2015\/10\/42.jpg\"><img loading=\"lazy\" decoding=\"async\" class=\"alignnone wp-image-147\" src=\"https:\/\/www.heurigenkassen.at\/cms\/wp-content\/uploads\/2015\/10\/42.jpg\" alt=\"4\" width=\"282\" height=\"521\" srcset=\"https:\/\/www.heurigenkassen.at\/cms\/wp-content\/uploads\/2015\/10\/42.jpg 813w, https:\/\/www.heurigenkassen.at\/cms\/wp-content\/uploads\/2015\/10\/42-163x300.jpg 163w, https:\/\/www.heurigenkassen.at\/cms\/wp-content\/uploads\/2015\/10\/42-555x1024.jpg 555w\" sizes=\"auto, (max-width: 282px) 100vw, 282px\" \/><\/a><\/p>\n<p>&nbsp;<\/p>\n<p>&nbsp;<\/p>\n<p><strong><u>Fingerprint Digital Persona<\/u><\/strong><\/p>\n<p>&nbsp;<\/p>\n<p><a href=\"https:\/\/www.heurigenkassen.at\/cms\/wp-content\/uploads\/2015\/10\/digitalpersona-uareu4500-reader-2.jpg\"><img loading=\"lazy\" decoding=\"async\" class=\"alignnone wp-image-102\" src=\"https:\/\/www.heurigenkassen.at\/cms\/wp-content\/uploads\/2015\/10\/digitalpersona-uareu4500-reader-2-300x285.jpg\" alt=\"digitalpersona-uareu4500-reader-2\" width=\"168\" height=\"160\" srcset=\"https:\/\/www.heurigenkassen.at\/cms\/wp-content\/uploads\/2015\/10\/digitalpersona-uareu4500-reader-2-300x285.jpg 300w, https:\/\/www.heurigenkassen.at\/cms\/wp-content\/uploads\/2015\/10\/digitalpersona-uareu4500-reader-2-1024x974.jpg 1024w, https:\/\/www.heurigenkassen.at\/cms\/wp-content\/uploads\/2015\/10\/digitalpersona-uareu4500-reader-2.jpg 1981w\" sizes=\"auto, (max-width: 168px) 100vw, 168px\" \/><\/a><a href=\"https:\/\/www.heurigenkassen.at\/cms\/wp-content\/uploads\/2015\/10\/digitalpersona-uareu4500-reader-1.jpg\"><img loading=\"lazy\" decoding=\"async\" class=\"alignnone wp-image-108\" src=\"https:\/\/www.heurigenkassen.at\/cms\/wp-content\/uploads\/2015\/10\/digitalpersona-uareu4500-reader-1-163x300.jpg\" alt=\"digitalpersona-uareu4500-reader-1\" width=\"91\" height=\"167\" srcset=\"https:\/\/www.heurigenkassen.at\/cms\/wp-content\/uploads\/2015\/10\/digitalpersona-uareu4500-reader-1-163x300.jpg 163w, https:\/\/www.heurigenkassen.at\/cms\/wp-content\/uploads\/2015\/10\/digitalpersona-uareu4500-reader-1-556x1024.jpg 556w, https:\/\/www.heurigenkassen.at\/cms\/wp-content\/uploads\/2015\/10\/digitalpersona-uareu4500-reader-1.jpg 933w\" sizes=\"auto, (max-width: 91px) 100vw, 91px\" \/><\/a><\/p>\n<p>&nbsp;<\/p>\n<p><strong><u>Bon Drucker Star TSP USB ECO, schwarz<\/u><\/strong><\/p>\n<p><a href=\"https:\/\/www.heurigenkassen.at\/cms\/wp-content\/uploads\/2015\/10\/TSP100ECO_front-1.jpg\"><img loading=\"lazy\" decoding=\"async\" class=\"alignnone wp-image-104\" src=\"https:\/\/www.heurigenkassen.at\/cms\/wp-content\/uploads\/2015\/10\/TSP100ECO_front-1-300x300.jpg\" alt=\"TSP100ECO_front-1\" width=\"218\" height=\"218\" srcset=\"https:\/\/www.heurigenkassen.at\/cms\/wp-content\/uploads\/2015\/10\/TSP100ECO_front-1-300x300.jpg 300w, https:\/\/www.heurigenkassen.at\/cms\/wp-content\/uploads\/2015\/10\/TSP100ECO_front-1-150x150.jpg 150w, https:\/\/www.heurigenkassen.at\/cms\/wp-content\/uploads\/2015\/10\/TSP100ECO_front-1-1024x1024.jpg 1024w\" sizes=\"auto, (max-width: 218px) 100vw, 218px\" \/><\/a><\/p>\n<p>&nbsp;<\/p>\n<p><strong><u>Bon Drucker Star TSP LAN, dunkelgrau <\/u><\/strong><\/p>\n<p><a href=\"https:\/\/www.heurigenkassen.at\/cms\/wp-content\/uploads\/2015\/10\/711WSXpc-L__SL1431_.jpg\"><img loading=\"lazy\" decoding=\"async\" class=\"alignnone wp-image-103\" src=\"https:\/\/www.heurigenkassen.at\/cms\/wp-content\/uploads\/2015\/10\/711WSXpc-L__SL1431_-300x280.jpg\" alt=\"711WSXpc++L__SL1431_\" width=\"206\" height=\"192\" srcset=\"https:\/\/www.heurigenkassen.at\/cms\/wp-content\/uploads\/2015\/10\/711WSXpc-L__SL1431_-300x280.jpg 300w, https:\/\/www.heurigenkassen.at\/cms\/wp-content\/uploads\/2015\/10\/711WSXpc-L__SL1431_-1024x955.jpg 1024w, https:\/\/www.heurigenkassen.at\/cms\/wp-content\/uploads\/2015\/10\/711WSXpc-L__SL1431_.jpg 1431w\" sizes=\"auto, (max-width: 206px) 100vw, 206px\" \/><\/a><\/p>\n<p>&nbsp;<\/p>\n<p><strong><u>Kassenschublade mit 5 Scheinf\u00e4cher 8 M\u00fcnzf\u00e4cher Front\u00f6ffnung Geldlade DE<\/u><\/strong><\/p>\n<p><img loading=\"lazy\" decoding=\"async\" class=\"alignnone size-full wp-image-218\" src=\"https:\/\/www.heurigenkassen.at\/cms\/wp-content\/uploads\/2015\/11\/kassenlade.jpg\" alt=\"kassenlade\" width=\"522\" height=\"522\" srcset=\"https:\/\/www.heurigenkassen.at\/cms\/wp-content\/uploads\/2015\/11\/kassenlade.jpg 522w, https:\/\/www.heurigenkassen.at\/cms\/wp-content\/uploads\/2015\/11\/kassenlade-150x150.jpg 150w, https:\/\/www.heurigenkassen.at\/cms\/wp-content\/uploads\/2015\/11\/kassenlade-300x300.jpg 300w\" sizes=\"auto, (max-width: 522px) 100vw, 522px\" \/><\/p>\n<p>&nbsp;<\/p>\n","protected":false},"excerpt":{"rendered":"<p>All-in-One PC Processor: Intel Pentium J5005 OS: Windows 10 Display: 23.8\u2033 Full HD, Multi-Touch (1920 x 1080) Storage: SSD 250 GB Memory: 8GB Graphics: Intel UHD Graphics 600 Audio: Stereo speakers with Dolby Advanced Audio certification Size: 541 mm x 20 mm x 420 mm &nbsp; &nbsp; &nbsp; Notebook Notebook\u00a039,6 cm (15,6 Zoll FHD IPS [&hellip;]<\/p>\n","protected":false},"author":1,"featured_media":0,"parent":0,"menu_order":0,"comment_status":"closed","ping_status":"closed","template":"","meta":{"footnotes":""},"class_list":["post-51","page","type-page","status-publish","hentry"],"_links":{"self":[{"href":"https:\/\/www.heurigenkassen.at\/cms\/wp-json\/wp\/v2\/pages\/51","targetHints":{"allow":["GET"]}}],"collection":[{"href":"https:\/\/www.heurigenkassen.at\/cms\/wp-json\/wp\/v2\/pages"}],"about":[{"href":"https:\/\/www.heurigenkassen.at\/cms\/wp-json\/wp\/v2\/types\/page"}],"author":[{"embeddable":true,"href":"https:\/\/www.heurigenkassen.at\/cms\/wp-json\/wp\/v2\/users\/1"}],"replies":[{"embeddable":true,"href":"https:\/\/www.heurigenkassen.at\/cms\/wp-json\/wp\/v2\/comments?post=51"}],"version-history":[{"count":0,"href":"https:\/\/www.heurigenkassen.at\/cms\/wp-json\/wp\/v2\/pages\/51\/revisions"}],"wp:attachment":[{"href":"https:\/\/www.heurigenkassen.at\/cms\/wp-json\/wp\/v2\/media?parent=51"}],"curies":[{"name":"wp","href":"https:\/\/api.w.org\/{rel}","templated":true}]}}