{"id":44,"date":"2015-10-21T15:29:32","date_gmt":"2015-10-21T13:29:32","guid":{"rendered":"https:\/\/www.heurigenkassen.at\/cms\/?page_id=44"},"modified":"2015-10-21T16:16:01","modified_gmt":"2015-10-21T14:16:01","slug":"ueber-registrierkassen","status":"publish","type":"page","link":"https:\/\/www.heurigenkassen.at\/cms\/ueber-registrierkassen\/","title":{"rendered":"\u00dcBER REGISTRIERKASSEN"},"content":{"rendered":"<p><strong>\u00dcber REGISTRIERKASSEN:<\/strong><\/p>\n<ul>\n<li>Mit Heurigenkassen.at ist die Registrierkassenpflicht zu 100% erf\u00fcllt<\/li>\n<li>Heurigenkassen.at sind zu 100% fiskalsicher und bereits auf die technische Sicherheitseinrichtung, die ab 1.1.2017 verpflichtend vorhanden sein muss, vorbereitet!<\/li>\n<li>Mit Heurigenkassen.at erf\u00fcllen Sie nicht nur die gesetzlichen Vorschriften, Sie haben auch ein perfektes Werkzeug f\u00fcr die t\u00e4gliche Arbeit gefunden!<\/li>\n<\/ul>\n<p>Registrierkassenpflicht und\u00a0Belegerteilungsverpflichtung<\/p>\n<p>Neue gesetzliche Regelungen ab 1.1.2016 \u2013 was bedeutet das f\u00fcr mein Unternehmen?<\/p>\n<p>Ab dem 1.1.2016 gelten f\u00fcr Unternehmen neue steuerrechtliche Bestimmungen.<\/p>\n<p>&nbsp;<\/p>\n<p><strong>Registrierkassenpflicht<\/strong><\/p>\n<p>Unternehmen haben zur Einzelerfassung der Barums\u00e4tze zwingend ein elektronisches Aufzeichnungssystem (Registrierkasse) zu verwenden, wenn:<\/p>\n<ul>\n<li>der Jahresumsatz je Betrieb \u20ac 15.000,&#8211; und<\/li>\n<li>die Barums\u00e4tze dieses Betriebes \u20ac 7.500,&#8211; im Jahr \u00fcberschreiten.<strong>Belegerteilungsverpflichtung\u00a0<\/strong><strong>\u00a0<\/strong><\/li>\n<li>F\u00fcr jedes Unternehmen besteht ab 1.1.2016 die Verpflichtung, bei Barzahlungen einen Beleg zu erstellen und dem K\u00e4ufer auszuh\u00e4ndigen. Dieser muss den Beleg entgegennehmen und bis au\u00dferhalb der Gesch\u00e4ftsr\u00e4umlichkeiten f\u00fcr Zwecke der Kontrolle durch die Finanzverwaltung mitnehmen.\u00a0\u00a0Einzelerfassung mittels Registrierkasse<\/li>\n<li>Unter Registrierkasse versteht man jedes elektronisches Datenverarbeitungssystem, das elektronische Aufzeichnungen zur Losungsermittlung und Dokumentation von Barums\u00e4tzen erstellt (z. B. Registrierkassen, serverbasierte Aufzeichnungssysteme, Waagen, Taxameter etc.).<\/li>\n<li>Der Begriff \u201eBarums\u00e4tze\u201c umfasst auch die Zahlung mit Bankomat- oder Kreditkarte, die Hingabe von Barschecks oder ausgegebenen Gutscheinen, Bons, etc.<\/li>\n<li>Ein Kassasturz, wie ihn bisher Unternehmen bis \u20ac 150.000,&#8211; Jahresumsatz machen durften, ist grunds\u00e4tzlich nicht mehr zul\u00e4ssig.<\/li>\n<li>S\u00e4mtliche Steuerpflichtige, die f\u00fcr steuerliche Zwecke B\u00fccher und Aufzeichnungen zu f\u00fchren haben, m\u00fcssen ihre Bareinnahmen k\u00fcnftig einzeln aufzeichnen \u2013 das sind alle Unternehmen au\u00dfer Vermietungseink\u00fcnfte (nicht zu verwechseln mit gewerblichen Zimmervermietungen!)<\/li>\n<li>Wichtiger Hinweis: Dar\u00fcber hinaus m\u00fcssen die Registrierkassen ab dem 1.1.2017 auch \u00fcber eine spezielle technische Sicherheitseinrichtung verf\u00fcgen, die die Unver\u00e4nderbarkeit der\u00a0Aufzeichnungen sicherstellt.\u00a0 Dies ist in Heurigenkassen.at bereits ber\u00fccksichtigt.<\/li>\n<\/ul>\n<p>&nbsp;<\/p>\n<ul>\n<li><strong><a href=\"https:\/\/www.wko.at\/Content.Node\/Service\/Steuern\/Weitere-Steuern-und-Abgaben\/Verfahren---Pflichten-im-oesterr--Steuerrecht\/Registrierkassenpflicht---FAQ.html\" target=\"_blank\">Registrierkassenpflicht \u2013 FAQ<\/a><\/strong>\u00a0 &#8211; Eine Information der Wirtschaftskammer.<\/li>\n<\/ul>\n","protected":false},"excerpt":{"rendered":"<p>\u00dcber REGISTRIERKASSEN: Mit Heurigenkassen.at ist die Registrierkassenpflicht zu 100% erf\u00fcllt Heurigenkassen.at sind zu 100% fiskalsicher und bereits auf die technische Sicherheitseinrichtung, die ab 1.1.2017 verpflichtend vorhanden sein muss, vorbereitet! Mit Heurigenkassen.at erf\u00fcllen Sie nicht nur die gesetzlichen Vorschriften, Sie haben auch ein perfektes Werkzeug f\u00fcr die t\u00e4gliche Arbeit gefunden! Registrierkassenpflicht und\u00a0Belegerteilungsverpflichtung Neue gesetzliche Regelungen ab [&hellip;]<\/p>\n","protected":false},"author":1,"featured_media":0,"parent":0,"menu_order":0,"comment_status":"closed","ping_status":"closed","template":"","meta":{"footnotes":""},"class_list":["post-44","page","type-page","status-publish","hentry"],"_links":{"self":[{"href":"https:\/\/www.heurigenkassen.at\/cms\/wp-json\/wp\/v2\/pages\/44","targetHints":{"allow":["GET"]}}],"collection":[{"href":"https:\/\/www.heurigenkassen.at\/cms\/wp-json\/wp\/v2\/pages"}],"about":[{"href":"https:\/\/www.heurigenkassen.at\/cms\/wp-json\/wp\/v2\/types\/page"}],"author":[{"embeddable":true,"href":"https:\/\/www.heurigenkassen.at\/cms\/wp-json\/wp\/v2\/users\/1"}],"replies":[{"embeddable":true,"href":"https:\/\/www.heurigenkassen.at\/cms\/wp-json\/wp\/v2\/comments?post=44"}],"version-history":[{"count":0,"href":"https:\/\/www.heurigenkassen.at\/cms\/wp-json\/wp\/v2\/pages\/44\/revisions"}],"wp:attachment":[{"href":"https:\/\/www.heurigenkassen.at\/cms\/wp-json\/wp\/v2\/media?parent=44"}],"curies":[{"name":"wp","href":"https:\/\/api.w.org\/{rel}","templated":true}]}}