{"id":402,"date":"2018-05-16T16:07:39","date_gmt":"2018-05-16T14:07:39","guid":{"rendered":"https:\/\/www.heurigenkassen.at\/cms\/?page_id=402"},"modified":"2018-05-18T07:22:30","modified_gmt":"2018-05-18T05:22:30","slug":"datenschutzverordnung-dsgvo","status":"publish","type":"page","link":"https:\/\/www.heurigenkassen.at\/cms\/datenschutzverordnung-dsgvo\/","title":{"rendered":"Datenschutzverordnung &#8211; DSGVO"},"content":{"rendered":"<p>Wir freuen uns \u00fcber Ihr Interesse an unserer Website. Der Schutz Ihrer Privatsph\u00e4re ist f\u00fcr uns sehr wichtig. Nachstehend informieren wir Sie ausf\u00fchrlich \u00fcber den Umgang mit Ihren Daten.<\/p>\n<p><strong>Erhebung, Verarbeitung und Nutzung personenbezogener Daten<\/strong><br \/>\nSie k\u00f6nnen unsere Seite besuchen, ohne Angaben zu Ihrer Person zu machen. Wir speichern lediglich Zugriffsdaten ohne Personenbezug wie z.B. den Namen Ihres Internet Service Providers, die Seite, von der aus Sie uns besuchen oder den Namen der angeforderten Datei. Diese Daten werden ausschlie\u00dflich zur Verbesserung unseres Angebotes ausgewertet und erlauben keinen R\u00fcckschluss auf Ihre Person.<\/p>\n<p><strong>Verwendung von Cookies<\/strong><br \/>\nAuf verschiedenen Seiten verwenden wir Cookies, um den Besuch unserer Website attraktiv zu gestalten und die Nutzung bestimmter Funktionen zu erm\u00f6glichen. Hierbei handelt es sich um kleine Textdateien, die auf Ihrem Rechner abgelegt werden. Die meisten der von uns verwendeten Cookies werden nach Ende der Browser-Sitzung wieder von Ihrer Festplatte gel\u00f6scht (sog. Sitzungs-Cookies). Andere Cookies verbleiben auf Ihrem Rechner und erm\u00f6glichen uns, Ihren Rechner bei Ihrem n\u00e4chsten Besuch wieder zu erkennen (sog. dauerhafte Cookies). Diese Cookies dienen der Begr\u00fc\u00dfung mit Ihrem Benutzernamen und er\u00fcbrigen Ihnen bei Folgebestellungen die erneute Eingabe Ihres Passwortes oder das Ausf\u00fcllen von Formularen mit Ihren Daten.<br \/>\nWenn Sie dies nicht w\u00fcnschen, so k\u00f6nnen Sie Ihren Browser so einrichten, dass er Sie \u00fcber das Setzen von Cookies informiert und Sie dies nur im Einzelfall erlauben.<br \/>\nBei der Deaktivierung von Cookies kann die Funktionalit\u00e4t unserer Website eingeschr\u00e4nkt sein.<br \/>\nUnseren Partnerunternehmen ist es nicht gestattet, \u00fcber unsere Website personenbezogene Daten mittels Cookies zu erheben, zu verarbeiten oder zu nutzen.<\/p>\n<p><strong>Kontaktaufnahme per Email oder Formular<\/strong><br \/>\nWenn Sie per Formular auf der Website oder per E-Mail Kontakt mit uns aufnehmen, werden Ihre angegebenen Daten zwecks Bearbeitung der Anfrage und f\u00fcr den Fall von Anschlussfragen sechs Monate bei uns gespeichert.<\/p>\n<p><strong>Erstellung pseudonymer Nutzungsprofile zur Webanalyse<\/strong><br \/>\nDiese Website benutzt Matomo ( matomo.org ), ehemals Piwik, eine Open-Source-Software zur statistischen Auswertung der Besucherzugriffe. Matomo verwendet sog. \u201cCookies\u201d, Textdateien, die auf Ihrem Computer gespeichert werden und die eine Analyse der Benutzung der Website durch Sie erm\u00f6glichen. Die durch den Cookie erzeugten Informationen \u00fcber Ihre Benutzung dieses Internetangebotes werden auf unserem Server in Deutschland gespeichert. Die IP-Adresse wird sofort nach der Verarbeitung und vor deren Speicherung anonymisiert. Sie k\u00f6nnen die Installation der Cookies durch eine entsprechende Einstellung Ihrer Browser-Software verhindern; wir weisen Sie jedoch darauf hin, dass Sie in diesem Fall gegebenenfalls nicht s\u00e4mtliche Funktionen dieser Website vollumf\u00e4nglich nutzen k\u00f6nnen.<br \/>\nDie Datenverarbeitung erfolgt auf Basis der gesetzlichen Bestimmungen des \u00a7 96 Abs 3 TKG sowie des Art 6 Abs 1 lit a (Einwilligung) und\/oder f (berechtigtes Interesse) der DSGVO.<br \/>\nUnser Anliegen im Sinne der DSGVO (berechtigtes Interesse) ist die Verbesserung unseres Angebotes und unseres Webauftritts.<br \/>\n<iframe\n        style=\"border: 0; height: 200px; width: 600px;\"\n        src=\"https:\/\/www.heurigenkassen.at\/piwik\/index.php?module=CoreAdminHome&#038;action=optOut&#038;language=de&#038;backgroundColor=&#038;fontColor=&#038;fontSize=&#038;fontFamily=\"\n        ><\/iframe><br \/>\n<strong>Newsletter<\/strong><br \/>\nSie haben die M\u00f6glichkeit, \u00fcber unsere Website unseren Newsletter zu abonnieren. Hierf\u00fcr ben\u00f6tigen wir Ihre E-Mail-Adresse und ihre Erkl\u00e4rung, dass Sie mit dem Bezug des Newsletters einverstanden sind. Sobald Sie sich f\u00fcr den Newsletter angemeldet haben, senden wir Ihnen ein Best\u00e4tigungs-E-Mail mit einem Link zur Best\u00e4tigung der Anmeldung.<br \/>\nDas Abo des Newsletters k\u00f6nnen Sie jederzeit stornieren. Senden Sie Ihre Stornierung bitte an folgende E-Mail-Adresse: restaurant@blauenstein.at oder verwenden sie den daf\u00fcr vorgesehenen Link im Newsletter. Wir l\u00f6schen anschlie\u00dfend umgehend Ihre Daten im Zusammenhang mit dem Newsletter-Versand.<br \/>\nBei Anmeldung zum Newsletter wird Ihre E-Mail-Adresse f\u00fcr nur f\u00fcr eigene Werbezwecke genutzt, bis Sie sich vom Newsletter abmelden.<\/p>\n<p><strong>Auskunftsrecht<\/strong><br \/>\nNach dem Bundesdatenschutzgesetz haben Sie ein Recht auf unentgeltliche Auskunft \u00fcber Ihre gespeicherten Daten sowie ggf. ein Recht auf Berichtigung, Sperrung oder L\u00f6schung dieser Daten.<br \/>\nDie Datenverarbeitung erfolgt auf Basis der gesetzlichen Bestimmungen des \u00a7 96 Abs 3 TKG sowie des Art 6 Abs 1 lit a (Einwilligung) und\/oder lit b (notwendig zur Vertragserf\u00fcllung) der DSGVO.<\/p>\n<p><strong>Ansprechpartner f\u00fcr Datenschutz<\/strong><br \/>\nBei Fragen zur Erhebung, Verarbeitung oder Nutzung Ihrer personenbezogenen Daten, bei Ausk\u00fcnften, Berichtigung, Sperrung oder L\u00f6schung von Daten sowie Widerruf erteilter Einwilligungen wenden Sie sich bitte an:<\/p>\n<p>JCT Handels GmbH &#8211; Christian Thiery<\/p>\n<p>3601 D\u00fcrnstein 39<\/p>\n<p>info@heurigenkassen.at<\/p>\n","protected":false},"excerpt":{"rendered":"<p>Wir freuen uns \u00fcber Ihr Interesse an unserer Website. Der Schutz Ihrer Privatsph\u00e4re ist f\u00fcr uns sehr wichtig. Nachstehend informieren wir Sie ausf\u00fchrlich \u00fcber den Umgang mit Ihren Daten. Erhebung, Verarbeitung und Nutzung personenbezogener Daten Sie k\u00f6nnen unsere Seite besuchen, ohne Angaben zu Ihrer Person zu machen. Wir speichern lediglich Zugriffsdaten ohne Personenbezug wie z.B. [&hellip;]<\/p>\n","protected":false},"author":1,"featured_media":0,"parent":0,"menu_order":0,"comment_status":"closed","ping_status":"closed","template":"","meta":{"footnotes":""},"class_list":["post-402","page","type-page","status-publish","hentry"],"_links":{"self":[{"href":"https:\/\/www.heurigenkassen.at\/cms\/wp-json\/wp\/v2\/pages\/402","targetHints":{"allow":["GET"]}}],"collection":[{"href":"https:\/\/www.heurigenkassen.at\/cms\/wp-json\/wp\/v2\/pages"}],"about":[{"href":"https:\/\/www.heurigenkassen.at\/cms\/wp-json\/wp\/v2\/types\/page"}],"author":[{"embeddable":true,"href":"https:\/\/www.heurigenkassen.at\/cms\/wp-json\/wp\/v2\/users\/1"}],"replies":[{"embeddable":true,"href":"https:\/\/www.heurigenkassen.at\/cms\/wp-json\/wp\/v2\/comments?post=402"}],"version-history":[{"count":0,"href":"https:\/\/www.heurigenkassen.at\/cms\/wp-json\/wp\/v2\/pages\/402\/revisions"}],"wp:attachment":[{"href":"https:\/\/www.heurigenkassen.at\/cms\/wp-json\/wp\/v2\/media?parent=402"}],"curies":[{"name":"wp","href":"https:\/\/api.w.org\/{rel}","templated":true}]}}